{"id":445,"date":"2021-11-18T14:45:03","date_gmt":"2021-11-18T14:45:03","guid":{"rendered":"https:\/\/trenquelauquen.gov.ar\/agenda2030\/?page_id=445"},"modified":"2021-11-23T15:34:54","modified_gmt":"2021-11-23T15:34:54","slug":"agenda-de-actividades","status":"publish","type":"page","link":"https:\/\/trenquelauquen.gov.ar\/agenda2030\/agenda-de-actividades\/","title":{"rendered":"Agenda de actividades"},"content":{"rendered":"<p>[et_pb_section fb_built=\u00bb1&#8243; admin_label=\u00bbEncabezado general (editar fondo)\u00bb _builder_version=\u00bb4.9.2&#8243; _module_preset=\u00bbdefault\u00bb background_color_gradient_direction=\u00bb90deg\u00bb background_image=\u00bbhttps:\/\/trenquelauquen.gov.ar\/agenda2030\/wp-content\/uploads\/2021\/03\/FONDO-municipalidad-Trenque-Lauquen-3.png\u00bb parallax=\u00bbon\u00bb custom_margin=\u00bb||-11px||false|false\u00bb custom_padding=\u00bb0px||0px||true|false\u00bb background_last_edited=\u00bboff|desktop\u00bb parallax_phone=\u00bbon\u00bb collapsed=\u00bbon\u00bb global_colors_info=\u00bb{}\u00bb][et_pb_row admin_label=\u00bbFILA TITULO\u00bb _builder_version=\u00bb4.9.0&#8243; _module_preset=\u00bbdefault\u00bb custom_padding=\u00bb75px||79px|||\u00bb collapsed=\u00bboff\u00bb global_colors_info=\u00bb{}\u00bb][et_pb_column type=\u00bb4_4&#8243; _builder_version=\u00bb4.9.0&#8243; _module_preset=\u00bbdefault\u00bb global_colors_info=\u00bb{}\u00bb][et_pb_text disabled_on=\u00bboff|off|off\u00bb admin_label=\u00bbTitulo WEB\u00bb _builder_version=\u00bb4.9.0&#8243; _module_preset=\u00bbdefault\u00bb text_font=\u00bbRoboto|900|||||||\u00bb text_text_color=\u00bb#FFFFFF\u00bb text_font_size=\u00bb75px\u00bb text_line_height=\u00bb1.1em\u00bb text_orientation=\u00bbcenter\u00bb text_font_size_tablet=\u00bb\u00bb text_font_size_phone=\u00bb45px\u00bb text_font_size_last_edited=\u00bbon|phone\u00bb text_text_shadow_style=\u00bbpreset1&#8243; text_text_shadow_blur_strength=\u00bb0.17em\u00bb text_text_shadow_color=\u00bbrgba(0,0,0,0.46)\u00bb global_colors_info=\u00bb{}\u00bb]<\/p>\n<p>Agenda de actividades<\/p>\n<p>[\/et_pb_text][et_pb_text admin_label=\u00bbSUBTITULO EXPLICATIVO\u00bb _builder_version=\u00bb4.9.0&#8243; _module_preset=\u00bbdefault\u00bb text_text_color=\u00bb#FFFFFF\u00bb text_font_size=\u00bb24px\u00bb text_line_height=\u00bb1.2em\u00bb text_orientation=\u00bbcenter\u00bb text_text_shadow_style=\u00bbpreset1&#8243; text_text_shadow_blur_strength=\u00bb0.07em\u00bb global_colors_info=\u00bb{}\u00bb]<\/p>\n<p>Habr\u00e1 conversatorios, charlas y recorridas en el marco del <span>\u201cV Encuentro Nacional de Arte Mural\u201d<\/span><\/p>\n<p>[\/et_pb_text][\/et_pb_column][\/et_pb_row][\/et_pb_section][et_pb_section fb_built=\u00bb1&#8243; admin_label=\u00bbSecci\u00f3n\u00bb _builder_version=\u00bb4.9.2&#8243; _module_preset=\u00bbdefault\u00bb background_color=\u00bb#e8e8e8&#8243; custom_margin=\u00bb9px|||||\u00bb custom_padding=\u00bb35px||35px||true|false\u00bb collapsed=\u00bbon\u00bb global_colors_info=\u00bb{}\u00bb][et_pb_row column_structure=\u00bb3_4,1_4&#8243; admin_label=\u00bbTarjetas y botones\u00bb _builder_version=\u00bb4.9.0&#8243; _module_preset=\u00bbdefault\u00bb collapsed=\u00bboff\u00bb global_colors_info=\u00bb{}\u00bb][et_pb_column type=\u00bb3_4&#8243; _builder_version=\u00bb4.9.0&#8243; _module_preset=\u00bbdefault\u00bb global_colors_info=\u00bb{}\u00bb][et_pb_blurb title=\u00bbCronograma\u00bb image=\u00bbhttps:\/\/trenquelauquen.gov.ar\/agenda2030\/wp-content\/uploads\/2021\/11\/agenda-varios-placa-57.png\u00bb content_max_width=\u00bb1100px\u00bb admin_label=\u00bbAnuncio1 con Imagen\u00bb _builder_version=\u00bb4.13.0&#8243; _module_preset=\u00bbdefault\u00bb header_font=\u00bbBarlow Condensed|600|||||||\u00bb header_text_color=\u00bb#494949&#8243; header_font_size=\u00bb22px\u00bb header_line_height=\u00bb1.1em\u00bb body_font=\u00bbBarlow||||||||\u00bb body_font_size=\u00bb17px\u00bb body_line_height=\u00bb1.5em\u00bb background_color=\u00bb#FFFFFF\u00bb custom_padding=\u00bb13px|25px|13px|25px|true|true\u00bb animation_direction=\u00bbbottom\u00bb animation=\u00bboff\u00bb border_radii=\u00bbon|10px|10px|10px|10px\u00bb border_width_all=\u00bb1px\u00bb border_color_all=\u00bbrgba(0,0,0,0.29)\u00bb border_width_bottom=\u00bb5px\u00bb border_color_bottom=\u00bb#00d187&#8243; border_radii_image=\u00bbon|10px|10px|10px|10px\u00bb border_color_all_image=\u00bb#1E6000&#8243; global_colors_info=\u00bb{}\u00bb]<\/p>\n<p>El \u201cV Encuentro Nacional de Arte Mural\u201d, que organiza la municipalidad de Trenque Lauquen y que se desarrollar\u00e1 en la ciudad de Treinta de Agosto desde el jueves 25 y hasta el domingo 28 de noviembre pr\u00f3ximos, contar\u00e1 con una amplia agenda de actividades que acompa\u00f1ar\u00e1n el evento, inform\u00f3 el \u00e1rea de Promoci\u00f3n Tur\u00edstica de la Municipalidad.<\/p>\n<p>Las actividades programadas son:<\/p>\n<p><strong>Jueves 25<\/strong><\/p>\n<p>19.30hs. \/<strong>\u00a0<\/strong>Conversatorio: Muralismo y Arte P\u00fablico. Actividad destinada a muralistas participantes del encuentro, a realizarse en\u00a0el Centro Infantil Carlos Pioves\u00e1n, en calle Santa Rosa esquina Irigoyen.<\/p>\n<p><strong>Viernes 26<\/strong><\/p>\n<p>20 hs.<strong>\u00a0\/<span>\u00a0<\/span><\/strong>Charla sobre Uso del color: \u00bfC\u00f3mo elegir la paleta para tu muro?, a cargo de Agus R\u00facula, muralista del encuentro. Se realiza en Cine Santa Rosa de Lima, calle Santa Rosa 30.<\/p>\n<p><strong>Domingo 28<\/strong><\/p>\n<p>18 hs:\u00a0Inicio de recorrido virtual por murales de la Sala de Primeros Auxilios, Cine Santa Rosa de Lima y Hospital Municipal..<\/p>\n<p>19 hs.:<strong>\u00a0<\/strong>Recorrida por los murales de la Terminal de \u00d3mnibus. Cierre a cargo de autoridades\u00a0y show musical.<\/p>\n<p><strong>Jueves 25 a domingo 28<\/strong><\/p>\n<p>Durante todo el d\u00eda<strong>:<span>\u00a0<\/span><\/strong>Muestra de artes visuales, con obras de los artistas participantes del encuentro e invitados en la Terminal de \u00d3mnibus.<\/p>\n<p>Cabe recordar que en esta oportunidad el encuentro girar\u00e1 en torno a la tem\u00e1tica \u201cMuros que cuentan\u201d y los muralistas, que trabajar\u00e1n la t\u00e9cnica de pintura, estar\u00e1n distribuidos en distintos espacios de la vecina localidad: Terminal de \u00d3mnibus, Hospital Municipal, Cine\/placita de juegos y Sala de primeros auxilios.<\/p>\n<p>La idea es que los muralistas cuenten en sus muros vivencias, experiencias, valores y sentimientos de las personas y comunidades que habitan y transitan esos espacios.<\/p>\n<p><span>Este espacio de aprendizaje colectivo busca transitar un camino en el que se puedan revisar nuestros modos de ver, desde una perspectiva de g\u00e9nero, la vida cotidiana, las personas, las instituciones, las organizaciones, el trabajo, la educaci\u00f3n, la salud, el amor, la amistad, la vida familiar y todo aquello que forma parte de nuestras vidas<\/span><span>.<\/span><\/p>\n<p>[\/et_pb_blurb][\/et_pb_column][et_pb_column type=\u00bb1_4&#8243; _builder_version=\u00bb4.9.0&#8243; _module_preset=\u00bbdefault\u00bb global_colors_info=\u00bb{}\u00bb][et_pb_button button_url=\u00bbhttps:\/\/trenquelauquen.gov.ar\/agenda2030\/muros-que-cuentan\/\u00bb button_text=\u00bb5to. Encuentro\u00bb button_alignment=\u00bbleft\u00bb _builder_version=\u00bb4.14.0&#8243; _module_preset=\u00bbdefault\u00bb custom_button=\u00bbon\u00bb button_text_size=\u00bb27px\u00bb button_text_color=\u00bb#FFFFFF\u00bb button_bg_color=\u00bb#68A544&#8243; button_border_width=\u00bb3px\u00bb button_border_color=\u00bb#E09900&#8243; button_border_radius=\u00bb85px\u00bb custom_margin=\u00bb|-68px||-8px|false|false\u00bb custom_padding=\u00bb|25px|||false|false\u00bb global_colors_info=\u00bb{}\u00bb][\/et_pb_button][et_pb_button button_url=\u00bbhttps:\/\/trenquelauquen.gov.ar\/agenda2030\/muralistas-2021\/\u00bb button_text=\u00bbMuralistas\u00bb button_alignment=\u00bbleft\u00bb _builder_version=\u00bb4.14.0&#8243; _module_preset=\u00bbdefault\u00bb custom_button=\u00bbon\u00bb button_text_size=\u00bb27px\u00bb button_text_color=\u00bb#FFFFFF\u00bb button_bg_color=\u00bb#68A544&#8243; button_border_width=\u00bb3px\u00bb button_border_color=\u00bb#E09900&#8243; button_border_radius=\u00bb85px\u00bb custom_margin=\u00bb|-68px||-8px|false|false\u00bb custom_padding=\u00bb|25px|||false|false\u00bb global_colors_info=\u00bb{}\u00bb][\/et_pb_button][et_pb_button button_url=\u00bbhttps:\/\/trenquelauquen.gov.ar\/agenda2030\/los-muros\/\u00bb button_text=\u00bbMuros\u00bb button_alignment=\u00bbleft\u00bb _builder_version=\u00bb4.14.0&#8243; _module_preset=\u00bbdefault\u00bb custom_button=\u00bbon\u00bb button_text_size=\u00bb27px\u00bb button_text_color=\u00bb#FFFFFF\u00bb button_bg_color=\u00bb#68A544&#8243; button_border_width=\u00bb3px\u00bb button_border_color=\u00bb#E09900&#8243; button_border_radius=\u00bb85px\u00bb custom_margin=\u00bb|-68px||-8px|false|false\u00bb custom_padding=\u00bb|25px|||false|false\u00bb global_colors_info=\u00bb{}\u00bb][\/et_pb_button][et_pb_button button_url=\u00bbhttps:\/\/trenquelauquen.gov.ar\/agenda2030\/organizadores-encuentro-de-arte-mural\/\u00bb button_text=\u00bbOrganizadores\u00bb button_alignment=\u00bbleft\u00bb _builder_version=\u00bb4.14.0&#8243; _module_preset=\u00bbdefault\u00bb custom_button=\u00bbon\u00bb button_text_size=\u00bb27px\u00bb button_text_color=\u00bb#FFFFFF\u00bb button_bg_color=\u00bb#68A544&#8243; button_border_width=\u00bb3px\u00bb button_border_color=\u00bb#E09900&#8243; button_border_radius=\u00bb85px\u00bb custom_margin=\u00bb|-68px||-8px|false|false\u00bb custom_padding=\u00bb|25px|||false|false\u00bb hover_enabled=\u00bb0&#8243; global_colors_info=\u00bb{}\u00bb sticky_enabled=\u00bb0&#8243;][\/et_pb_button][\/et_pb_column][\/et_pb_row][\/et_pb_section][et_pb_section fb_built=\u00bb1&#8243; admin_label=\u00bbDatos: telefono, hora, lugar mail\u00bb _builder_version=\u00bb4.9.0&#8243; _module_preset=\u00bbdefault\u00bb background_color=\u00bb#efefef\u00bb min_height=\u00bb90px\u00bb custom_margin=\u00bb-5px|||||\u00bb custom_padding=\u00bb79px||79px||true|false\u00bb collapsed=\u00bbon\u00bb global_colors_info=\u00bb{}\u00bb][et_pb_row column_structure=\u00bb1_3,1_3,1_3&#8243; admin_label=\u00bbcontenedor de datos\u00bb _builder_version=\u00bb4.9.0&#8243; _module_preset=\u00bbdefault\u00bb global_colors_info=\u00bb{}\u00bb][et_pb_column type=\u00bb1_3&#8243; _builder_version=\u00bb4.9.0&#8243; _module_preset=\u00bbdefault\u00bb global_colors_info=\u00bb{}\u00bb][et_pb_blurb title=\u00bbFacebook\u00bb url=\u00bbhttps:\/\/www.facebook.com\/agendatl2030&#8243; use_icon=\u00bbon\u00bb font_icon=\u00bb&#xe0aa;||divi||400&#8243; icon_color=\u00bb#000000&#8243; icon_placement=\u00bbleft\u00bb admin_label=\u00bbTelefono\u00bb _builder_version=\u00bb4.13.0&#8243; _module_preset=\u00bbdefault\u00bb header_font=\u00bb||||||||\u00bb header_text_align=\u00bbleft\u00bb header_text_color=\u00bb#000000&#8243; header_font_size=\u00bb19px\u00bb body_font=\u00bb|700|||||||\u00bb body_text_color=\u00bb#12876F\u00bb body_font_size=\u00bb22px\u00bb body_line_height=\u00bb1em\u00bb animation_style=\u00bbfade\u00bb animation=\u00bbbottom\u00bb link_option_url=\u00bbhttps:\/\/www.facebook.com\/agendatl2030&#8243; global_colors_info=\u00bb{}\u00bb]<\/p>\n<p>@agendatl2030<\/p>\n<p>[\/et_pb_blurb][\/et_pb_column][et_pb_column type=\u00bb1_3&#8243; _builder_version=\u00bb4.9.0&#8243; _module_preset=\u00bbdefault\u00bb global_colors_info=\u00bb{}\u00bb][et_pb_blurb title=\u00bbInstagram\u00bb url=\u00bbhttps:\/\/www.instagram.com\/agendatl2030\/\u00bb url_new_window=\u00bbon\u00bb use_icon=\u00bbon\u00bb font_icon=\u00bb&#xe0b1;||divi||400&#8243; icon_color=\u00bb#000000&#8243; icon_placement=\u00bbleft\u00bb admin_label=\u00bbTelefono\u00bb _builder_version=\u00bb4.13.0&#8243; _module_preset=\u00bbdefault\u00bb header_font=\u00bb||||||||\u00bb header_text_align=\u00bbleft\u00bb header_text_color=\u00bb#000000&#8243; header_font_size=\u00bb19px\u00bb body_font=\u00bb|700|||||||\u00bb body_text_color=\u00bb#12876F\u00bb body_font_size=\u00bb22px\u00bb body_line_height=\u00bb1em\u00bb animation_style=\u00bbfade\u00bb animation=\u00bbbottom\u00bb link_option_url=\u00bbhttps:\/\/www.instagram.com\/agendatl2030\/\u00bb global_colors_info=\u00bb{}\u00bb]<\/p>\n<p>@agendatl2030<\/p>\n<p>[\/et_pb_blurb][\/et_pb_column][et_pb_column type=\u00bb1_3&#8243; _builder_version=\u00bb4.9.0&#8243; _module_preset=\u00bbdefault\u00bb global_colors_info=\u00bb{}\u00bb][et_pb_blurb title=\u00bbE-mail:\u00bb use_icon=\u00bbon\u00bb font_icon=\u00bb&#xe010;||divi||400&#8243; icon_color=\u00bb#000000&#8243; icon_placement=\u00bbleft\u00bb admin_label=\u00bbMail\u00bb _builder_version=\u00bb4.13.0&#8243; _module_preset=\u00bbdefault\u00bb header_font=\u00bb||||||||\u00bb header_text_align=\u00bbleft\u00bb header_text_color=\u00bb#000000&#8243; header_font_size=\u00bb19px\u00bb body_font=\u00bb|700|||||||\u00bb body_text_color=\u00bb#12876F\u00bb body_font_size=\u00bb22px\u00bb body_line_height=\u00bb1em\u00bb animation_style=\u00bbfade\u00bb animation=\u00bbbottom\u00bb global_colors_info=\u00bb{}\u00bb]<\/p>\n<p><a href=\"mailto:agendatl2030@gmail.com\">agendatl2030@gmail.com<\/a><\/p>\n<p>[\/et_pb_blurb][\/et_pb_column][\/et_pb_row][\/et_pb_section]<\/p>\n","protected":false},"excerpt":{"rendered":"<p>Agenda de actividadesHabr\u00e1 conversatorios, charlas y recorridas en el marco del \u201cV Encuentro Nacional de Arte Mural\u201dEl \u201cV Encuentro Nacional de Arte Mural\u201d, que organiza la municipalidad de Trenque Lauquen y que se desarrollar\u00e1 en la ciudad de Treinta de Agosto desde el jueves 25 y hasta el domingo 28 de noviembre pr\u00f3ximos, contar\u00e1 con [&hellip;]<\/p>\n","protected":false},"author":1,"featured_media":0,"parent":0,"menu_order":0,"comment_status":"closed","ping_status":"closed","template":"","meta":{"_et_pb_use_builder":"on","_et_pb_old_content":"","_et_gb_content_width":"","footnotes":""},"class_list":["post-445","page","type-page","status-publish","hentry"],"_links":{"self":[{"href":"https:\/\/trenquelauquen.gov.ar\/agenda2030\/wp-json\/wp\/v2\/pages\/445","targetHints":{"allow":["GET"]}}],"collection":[{"href":"https:\/\/trenquelauquen.gov.ar\/agenda2030\/wp-json\/wp\/v2\/pages"}],"about":[{"href":"https:\/\/trenquelauquen.gov.ar\/agenda2030\/wp-json\/wp\/v2\/types\/page"}],"author":[{"embeddable":true,"href":"https:\/\/trenquelauquen.gov.ar\/agenda2030\/wp-json\/wp\/v2\/users\/1"}],"replies":[{"embeddable":true,"href":"https:\/\/trenquelauquen.gov.ar\/agenda2030\/wp-json\/wp\/v2\/comments?post=445"}],"version-history":[{"count":12,"href":"https:\/\/trenquelauquen.gov.ar\/agenda2030\/wp-json\/wp\/v2\/pages\/445\/revisions"}],"predecessor-version":[{"id":619,"href":"https:\/\/trenquelauquen.gov.ar\/agenda2030\/wp-json\/wp\/v2\/pages\/445\/revisions\/619"}],"wp:attachment":[{"href":"https:\/\/trenquelauquen.gov.ar\/agenda2030\/wp-json\/wp\/v2\/media?parent=445"}],"curies":[{"name":"wp","href":"https:\/\/api.w.org\/{rel}","templated":true}]}}