{"id":459,"date":"2021-11-18T15:00:39","date_gmt":"2021-11-18T15:00:39","guid":{"rendered":"https:\/\/trenquelauquen.gov.ar\/agenda2030\/?page_id=459"},"modified":"2021-11-23T15:33:34","modified_gmt":"2021-11-23T15:33:34","slug":"muralistas-2021","status":"publish","type":"page","link":"https:\/\/trenquelauquen.gov.ar\/agenda2030\/muralistas-2021\/","title":{"rendered":"Muralistas 2021"},"content":{"rendered":"<p>[et_pb_section fb_built=\u00bb1&#8243; admin_label=\u00bbEncabezado general (editar fondo)\u00bb _builder_version=\u00bb4.9.2&#8243; _module_preset=\u00bbdefault\u00bb background_color_gradient_direction=\u00bb90deg\u00bb background_image=\u00bbhttps:\/\/trenquelauquen.gov.ar\/agenda2030\/wp-content\/uploads\/2021\/03\/FONDO-municipalidad-Trenque-Lauquen-3.png\u00bb parallax=\u00bbon\u00bb custom_margin=\u00bb||-11px||false|false\u00bb custom_padding=\u00bb0px||0px||true|false\u00bb background_last_edited=\u00bboff|desktop\u00bb parallax_phone=\u00bbon\u00bb collapsed=\u00bbon\u00bb global_colors_info=\u00bb{}\u00bb][et_pb_row admin_label=\u00bbFILA TITULO\u00bb _builder_version=\u00bb4.9.0&#8243; _module_preset=\u00bbdefault\u00bb custom_padding=\u00bb59px||43px|||\u00bb collapsed=\u00bboff\u00bb global_colors_info=\u00bb{}\u00bb][et_pb_column type=\u00bb4_4&#8243; _builder_version=\u00bb4.9.0&#8243; _module_preset=\u00bbdefault\u00bb global_colors_info=\u00bb{}\u00bb][et_pb_text disabled_on=\u00bboff|off|off\u00bb admin_label=\u00bbTitulo WEB\u00bb _builder_version=\u00bb4.9.0&#8243; _module_preset=\u00bbdefault\u00bb text_font=\u00bbRoboto|900|||||||\u00bb text_text_color=\u00bb#FFFFFF\u00bb text_font_size=\u00bb75px\u00bb text_line_height=\u00bb1.1em\u00bb text_orientation=\u00bbcenter\u00bb text_font_size_tablet=\u00bb\u00bb text_font_size_phone=\u00bb45px\u00bb text_font_size_last_edited=\u00bbon|phone\u00bb text_text_shadow_style=\u00bbpreset1&#8243; text_text_shadow_blur_strength=\u00bb0.17em\u00bb text_text_shadow_color=\u00bbrgba(0,0,0,0.46)\u00bb global_colors_info=\u00bb{}\u00bb]<\/p>\n<p>Muralistas<\/p>\n<p>[\/et_pb_text][et_pb_text admin_label=\u00bbSUBTITULO EXPLICATIVO\u00bb _builder_version=\u00bb4.13.0&#8243; _module_preset=\u00bbdefault\u00bb text_text_color=\u00bb#FFFFFF\u00bb text_font_size=\u00bb24px\u00bb text_line_height=\u00bb1.2em\u00bb text_orientation=\u00bbcenter\u00bb text_text_shadow_style=\u00bbpreset1&#8243; text_text_shadow_blur_strength=\u00bb0.07em\u00bb global_colors_info=\u00bb{}\u00bb]<\/p>\n<p><span>\u00bfQui\u00e9nes son los artistas que participar\u00e1n del 5to. Encuentro Nacional de Arte Mural?<\/span><\/p>\n<p>[\/et_pb_text][\/et_pb_column][\/et_pb_row][\/et_pb_section][et_pb_section fb_built=\u00bb1&#8243; admin_label=\u00bbSecci\u00f3n\u00bb _builder_version=\u00bb4.13.0&#8243; _module_preset=\u00bbdefault\u00bb background_enable_color=\u00bboff\u00bb custom_margin=\u00bb9px|||||\u00bb custom_padding=\u00bb9px||9px||true|false\u00bb collapsed=\u00bbon\u00bb global_colors_info=\u00bb{}\u00bb][et_pb_row admin_label=\u00bbTarjetas y botones\u00bb _builder_version=\u00bb4.9.2&#8243; _module_preset=\u00bbdefault\u00bb min_height=\u00bb779.8px\u00bb custom_margin=\u00bb7px|auto||auto||\u00bb collapsed=\u00bboff\u00bb global_colors_info=\u00bb{}\u00bb][et_pb_column type=\u00bb4_4&#8243; _builder_version=\u00bb4.9.0&#8243; _module_preset=\u00bbdefault\u00bb global_colors_info=\u00bb{}\u00bb][et_pb_gallery gallery_ids=\u00bb479,480,481,482,483,484,485,486,487,488,489,490,491,492,493,494,495&#8243; fullwidth=\u00bbon\u00bb db_image_max_width=\u00bb100%\u00bb db_image_max_height=\u00bb1000%\u00bb db_image_row_spacing=\u00bb0%\u00bb db_image_object_fit=\u00bbinitial\u00bb dbdb_version=\u00bb3.6.6&#8243; _builder_version=\u00bb4.14.0&#8243; _module_preset=\u00bbdefault\u00bb background_color=\u00bb#ffffff\u00bb custom_margin=\u00bb11px||||false|false\u00bb auto=\u00bbon\u00bb auto_speed=\u00bb5000&#8243; hover_enabled=\u00bb0&#8243; border_width_all_image=\u00bb5px\u00bb border_color_all_image=\u00bb#1E6000&#8243; border_style_all_image=\u00bbnone\u00bb global_colors_info=\u00bb{}\u00bb sticky_enabled=\u00bb0&#8243;][\/et_pb_gallery][et_pb_blurb title=\u00bbArtistas que participan \u00bb use_icon=\u00bbon\u00bb font_icon=\u00bb&#xf53f;||fa||900&#8243; icon_color=\u00bb#1E6000&#8243; icon_placement=\u00bbleft\u00bb content_max_width=\u00bb1100px\u00bb admin_label=\u00bbAnuncio1 con Imagen\u00bb _builder_version=\u00bb4.13.0&#8243; _module_preset=\u00bbdefault\u00bb header_font=\u00bbBarlow Condensed|600|||||||\u00bb header_text_color=\u00bb#494949&#8243; header_font_size=\u00bb22px\u00bb header_line_height=\u00bb1.1em\u00bb body_font=\u00bbBarlow||||||||\u00bb body_font_size=\u00bb17px\u00bb body_line_height=\u00bb1.5em\u00bb background_color=\u00bb#FFFFFF\u00bb custom_padding=\u00bb13px|13px|13px|13px|true|true\u00bb animation_direction=\u00bbbottom\u00bb animation=\u00bboff\u00bb border_radii=\u00bbon|10px|10px|10px|10px\u00bb border_width_all=\u00bb1px\u00bb border_color_all=\u00bbrgba(0,0,0,0.29)\u00bb border_width_bottom=\u00bb5px\u00bb border_color_bottom=\u00bb#00d187&#8243; border_color_all_image=\u00bb#1E6000&#8243; global_colors_info=\u00bb{}\u00bb]<\/p>\n<p><span><strong>Trenque Lauquen<\/strong>: Magui Delfino, Sechu Mart\u00edn, N\u00e9stor Mart\u00edn, Germ\u00e1n Villamor, Juana Orellana, Walter Sanucci, Alejandro Iglesias, M\u00f3nica Martos, Mar\u00eda Jos\u00e9 Brizuela, Ra\u00fal Agrazar, Mar\u00eda Chiampan y Nicol\u00e1s Miramont.<\/span><\/p>\n<p><span><strong>30 de Agosto<\/strong>: Mart\u00edn Grau.<\/span><\/p>\n<p><span><strong>AMBA<\/strong>: Las Nereidas (Marila Tarabay y Alejandra Zeme)<\/span><\/p>\n<p><span><strong> Vicente L\u00f3pez:<\/strong> Agus Rucula<\/span><\/p>\n<p><span><strong>CABA:<\/strong> Leticia Bonetti<\/span><\/p>\n<p><span><strong>San Miguel de Tucum\u00e1n:<\/strong> Ana Singh<\/span><\/p>\n<p>[\/et_pb_blurb][\/et_pb_column][\/et_pb_row][\/et_pb_section][et_pb_section fb_built=\u00bb1&#8243; admin_label=\u00bbDatos: telefono, hora, lugar mail\u00bb _builder_version=\u00bb4.9.0&#8243; _module_preset=\u00bbdefault\u00bb background_color=\u00bb#efefef\u00bb min_height=\u00bb90px\u00bb custom_margin=\u00bb-5px|||||\u00bb custom_padding=\u00bb79px||79px||true|false\u00bb collapsed=\u00bbon\u00bb global_colors_info=\u00bb{}\u00bb][et_pb_row column_structure=\u00bb1_3,1_3,1_3&#8243; admin_label=\u00bbcontenedor de datos\u00bb _builder_version=\u00bb4.9.0&#8243; _module_preset=\u00bbdefault\u00bb global_colors_info=\u00bb{}\u00bb][et_pb_column type=\u00bb1_3&#8243; _builder_version=\u00bb4.9.0&#8243; _module_preset=\u00bbdefault\u00bb global_colors_info=\u00bb{}\u00bb][et_pb_blurb title=\u00bbFacebook\u00bb url=\u00bbhttps:\/\/www.facebook.com\/agendatl2030&#8243; use_icon=\u00bbon\u00bb font_icon=\u00bb&#xe0aa;||divi||400&#8243; icon_color=\u00bb#000000&#8243; icon_placement=\u00bbleft\u00bb admin_label=\u00bbTelefono\u00bb _builder_version=\u00bb4.13.0&#8243; _module_preset=\u00bbdefault\u00bb header_font=\u00bb||||||||\u00bb header_text_align=\u00bbleft\u00bb header_text_color=\u00bb#000000&#8243; header_font_size=\u00bb19px\u00bb body_font=\u00bb|700|||||||\u00bb body_text_color=\u00bb#12876F\u00bb body_font_size=\u00bb22px\u00bb body_line_height=\u00bb1em\u00bb animation_style=\u00bbfade\u00bb animation=\u00bbbottom\u00bb link_option_url=\u00bbhttps:\/\/www.facebook.com\/agendatl2030&#8243; global_colors_info=\u00bb{}\u00bb]<\/p>\n<p>@agendatl2030<\/p>\n<p>[\/et_pb_blurb][\/et_pb_column][et_pb_column type=\u00bb1_3&#8243; _builder_version=\u00bb4.9.0&#8243; _module_preset=\u00bbdefault\u00bb global_colors_info=\u00bb{}\u00bb][et_pb_blurb title=\u00bbInstagram\u00bb url=\u00bbhttps:\/\/www.instagram.com\/agendatl2030\/\u00bb url_new_window=\u00bbon\u00bb use_icon=\u00bbon\u00bb font_icon=\u00bb&#xe0b1;||divi||400&#8243; icon_color=\u00bb#000000&#8243; icon_placement=\u00bbleft\u00bb admin_label=\u00bbTelefono\u00bb _builder_version=\u00bb4.13.0&#8243; _module_preset=\u00bbdefault\u00bb header_font=\u00bb||||||||\u00bb header_text_align=\u00bbleft\u00bb header_text_color=\u00bb#000000&#8243; header_font_size=\u00bb19px\u00bb body_font=\u00bb|700|||||||\u00bb body_text_color=\u00bb#12876F\u00bb body_font_size=\u00bb22px\u00bb body_line_height=\u00bb1em\u00bb animation_style=\u00bbfade\u00bb animation=\u00bbbottom\u00bb link_option_url=\u00bbhttps:\/\/www.instagram.com\/agendatl2030\/\u00bb global_colors_info=\u00bb{}\u00bb]<\/p>\n<p>@agendatl2030<\/p>\n<p>[\/et_pb_blurb][\/et_pb_column][et_pb_column type=\u00bb1_3&#8243; _builder_version=\u00bb4.9.0&#8243; _module_preset=\u00bbdefault\u00bb global_colors_info=\u00bb{}\u00bb][et_pb_blurb title=\u00bbE-mail:\u00bb use_icon=\u00bbon\u00bb font_icon=\u00bb&#xe010;||divi||400&#8243; icon_color=\u00bb#000000&#8243; icon_placement=\u00bbleft\u00bb admin_label=\u00bbMail\u00bb _builder_version=\u00bb4.13.0&#8243; _module_preset=\u00bbdefault\u00bb header_font=\u00bb||||||||\u00bb header_text_align=\u00bbleft\u00bb header_text_color=\u00bb#000000&#8243; header_font_size=\u00bb19px\u00bb body_font=\u00bb|700|||||||\u00bb body_text_color=\u00bb#12876F\u00bb body_font_size=\u00bb22px\u00bb body_line_height=\u00bb1em\u00bb animation_style=\u00bbfade\u00bb animation=\u00bbbottom\u00bb global_colors_info=\u00bb{}\u00bb]<\/p>\n<p><a href=\"mailto:agendatl2030@gmail.com\">agendatl2030@gmail.com<\/a><\/p>\n<p>[\/et_pb_blurb][\/et_pb_column][\/et_pb_row][\/et_pb_section]<\/p>\n","protected":false},"excerpt":{"rendered":"<p>Muralistas\u00bfQui\u00e9nes son los artistas que participar\u00e1n del 5to. Encuentro Nacional de Arte Mural?Trenque Lauquen: Magui Delfino, Sechu Mart\u00edn, N\u00e9stor Mart\u00edn, Germ\u00e1n Villamor, Juana Orellana, Walter Sanucci, Alejandro Iglesias, M\u00f3nica Martos, Mar\u00eda Jos\u00e9 Brizuela, Ra\u00fal Agrazar, Mar\u00eda Chiampan y Nicol\u00e1s Miramont. 30 de Agosto: Mart\u00edn Grau. AMBA: Las Nereidas (Marila Tarabay y Alejandra Zeme) Vicente L\u00f3pez: [&hellip;]<\/p>\n","protected":false},"author":1,"featured_media":0,"parent":0,"menu_order":0,"comment_status":"closed","ping_status":"closed","template":"","meta":{"_et_pb_use_builder":"on","_et_pb_old_content":"","_et_gb_content_width":"","footnotes":""},"class_list":["post-459","page","type-page","status-publish","hentry"],"_links":{"self":[{"href":"https:\/\/trenquelauquen.gov.ar\/agenda2030\/wp-json\/wp\/v2\/pages\/459","targetHints":{"allow":["GET"]}}],"collection":[{"href":"https:\/\/trenquelauquen.gov.ar\/agenda2030\/wp-json\/wp\/v2\/pages"}],"about":[{"href":"https:\/\/trenquelauquen.gov.ar\/agenda2030\/wp-json\/wp\/v2\/types\/page"}],"author":[{"embeddable":true,"href":"https:\/\/trenquelauquen.gov.ar\/agenda2030\/wp-json\/wp\/v2\/users\/1"}],"replies":[{"embeddable":true,"href":"https:\/\/trenquelauquen.gov.ar\/agenda2030\/wp-json\/wp\/v2\/comments?post=459"}],"version-history":[{"count":7,"href":"https:\/\/trenquelauquen.gov.ar\/agenda2030\/wp-json\/wp\/v2\/pages\/459\/revisions"}],"predecessor-version":[{"id":615,"href":"https:\/\/trenquelauquen.gov.ar\/agenda2030\/wp-json\/wp\/v2\/pages\/459\/revisions\/615"}],"wp:attachment":[{"href":"https:\/\/trenquelauquen.gov.ar\/agenda2030\/wp-json\/wp\/v2\/media?parent=459"}],"curies":[{"name":"wp","href":"https:\/\/api.w.org\/{rel}","templated":true}]}}